{"id":809,"date":"2020-09-10T21:45:53","date_gmt":"2020-09-10T21:45:53","guid":{"rendered":"http:\/\/boxofficeco.wpengine.com\/?page_id=809"},"modified":"2021-06-03T22:53:19","modified_gmt":"2021-06-03T22:53:19","slug":"live-sessions","status":"publish","type":"page","link":"https:\/\/company.boxoffice.com\/latam\/live-sessions\/","title":{"rendered":"Live Sessions"},"content":{"rendered":"<p><div class=\"fusion-fullwidth fullwidth-box fusion-builder-row-1 fusion-flex-container nonhundred-percent-fullwidth non-hundred-percent-height-scrolling fusion-no-small-visibility fusion-no-medium-visibility\" style=\"--awb-border-radius-top-left:0px;--awb-border-radius-top-right:0px;--awb-border-radius-bottom-right:0px;--awb-border-radius-bottom-left:0px;--awb-flex-wrap:wrap;\" ><div class=\"fusion-builder-row fusion-row fusion-flex-align-items-flex-start fusion-flex-justify-content-center fusion-flex-content-wrap\" style=\"max-width:1144px;margin-left: calc(-4% \/ 2 );margin-right: calc(-4% \/ 2 );\"><div class=\"fusion-layout-column fusion_builder_column fusion-builder-column-0 fusion_builder_column_1_3 1_3 fusion-flex-column\" style=\"--awb-bg-size:cover;--awb-width-large:33.3333333333%;--awb-margin-top-large:25px;--awb-spacing-right-large:5.76%;--awb-margin-bottom-large:25px;--awb-spacing-left-large:5.76%;--awb-width-medium:40%;--awb-order-medium:0;--awb-spacing-right-medium:4.8%;--awb-spacing-left-medium:4.8%;--awb-width-small:100%;--awb-order-small:0;--awb-spacing-right-small:1.92%;--awb-spacing-left-small:1.92%;\"><div class=\"fusion-column-wrapper fusion-column-has-shadow fusion-flex-justify-content-flex-start fusion-content-layout-column\"><div class=\"fusion-image-element \" style=\"--awb-caption-title-font-family:var(--h2_typography-font-family);--awb-caption-title-font-weight:var(--h2_typography-font-weight);--awb-caption-title-font-style:var(--h2_typography-font-style);--awb-caption-title-size:var(--h2_typography-font-size);--awb-caption-title-transform:var(--h2_typography-text-transform);--awb-caption-title-line-height:var(--h2_typography-line-height);--awb-caption-title-letter-spacing:var(--h2_typography-letter-spacing);\"><span class=\" fusion-imageframe imageframe-none imageframe-1 hover-type-none\"><img decoding=\"async\" width=\"300\" height=\"300\" alt=\"Boxoffice Live Sessions\" title=\"LS red\" data-src=\"https:\/\/boxofficeco.wpengine.com\/wp-content\/uploads\/sites\/6\/2020\/11\/LS-red-300x300.png\" class=\"img-responsive wp-image-1054 lazyload\" data-srcset=\"https:\/\/company.boxoffice.com\/latam\/wp-content\/uploads\/sites\/6\/2020\/11\/LS-red-200x200.png 200w, https:\/\/company.boxoffice.com\/latam\/wp-content\/uploads\/sites\/6\/2020\/11\/LS-red-400x400.png 400w, https:\/\/company.boxoffice.com\/latam\/wp-content\/uploads\/sites\/6\/2020\/11\/LS-red-600x600.png 600w, https:\/\/company.boxoffice.com\/latam\/wp-content\/uploads\/sites\/6\/2020\/11\/LS-red-800x800.png 800w, https:\/\/company.boxoffice.com\/latam\/wp-content\/uploads\/sites\/6\/2020\/11\/LS-red-1200x1200.png 1200w, https:\/\/company.boxoffice.com\/latam\/wp-content\/uploads\/sites\/6\/2020\/11\/LS-red.png 3264w\" data-sizes=\"(max-width: 1024px) 100vw, (max-width: 640px) 100vw, 400px\" src=\"data:image\/svg+xml;base64,PHN2ZyB3aWR0aD0iMSIgaGVpZ2h0PSIxIiB4bWxucz0iaHR0cDovL3d3dy53My5vcmcvMjAwMC9zdmciPjwvc3ZnPg==\" style=\"--smush-placeholder-width: 300px; --smush-placeholder-aspect-ratio: 300\/300;\" \/><\/span><\/div><\/div><\/div><div class=\"fusion-layout-column fusion_builder_column fusion-builder-column-1 fusion_builder_column_2_3 2_3 fusion-flex-column\" style=\"--awb-bg-size:cover;--awb-width-large:66.6666666667%;--awb-margin-top-large:25px;--awb-spacing-right-large:2.88%;--awb-margin-bottom-large:25px;--awb-spacing-left-large:2.88%;--awb-width-medium:40%;--awb-order-medium:0;--awb-spacing-right-medium:4.8%;--awb-spacing-left-medium:4.8%;--awb-width-small:100%;--awb-order-small:0;--awb-spacing-right-small:1.92%;--awb-spacing-left-small:1.92%;\"><div class=\"fusion-column-wrapper fusion-column-has-shadow fusion-flex-justify-content-flex-start fusion-content-layout-column\"><div class=\"fusion-text fusion-text-1\"><p>Las Boxoffice Live Sessions son conferencias online para profesionales del sector. Algunas cubren aspectos muy espec\u00edficos del marketing digital, como cu\u00e1les son los indicadores clave de rendimiento de la venta de entradas online, o c\u00f3mo empezar con la b\u00fasqueda pagada para los cines. Otros est\u00e1n dirigidos por nuestros colegas de Boxoffice Pro y abordan temas de todo el sector relacionados con la pandemia o las estrategias de reapertura en todo el mundo. Algunas se organizan con socios como la ICTA, y muchas incluyen paneles de sus colegas.<\/p>\n<p>Consulta las pr\u00f3ximas sesiones y las pasadas a continuaci\u00f3n. Si deseas acceder a las grabaciones de las sesiones pasadas que no est\u00e1n disponibles a continuaci\u00f3n, ponte en\u00a0<a href=\"\/latam\/contact\/\">contacto con nosotros<\/a>.<\/p>\n<\/div><\/div><\/div><\/div><\/div><div class=\"fusion-fullwidth fullwidth-box fusion-builder-row-2 fusion-flex-container nonhundred-percent-fullwidth non-hundred-percent-height-scrolling\" style=\"--awb-border-radius-top-left:0px;--awb-border-radius-top-right:0px;--awb-border-radius-bottom-right:0px;--awb-border-radius-bottom-left:0px;--awb-flex-wrap:wrap;\" ><div class=\"fusion-builder-row fusion-row fusion-flex-align-items-flex-start fusion-flex-content-wrap\" style=\"max-width:1144px;margin-left: calc(-4% \/ 2 );margin-right: calc(-4% \/ 2 );\"><div class=\"fusion-layout-column fusion_builder_column fusion-builder-column-2 fusion_builder_column_1_1 1_1 fusion-flex-column\" style=\"--awb-bg-size:cover;--awb-width-large:100%;--awb-margin-top-large:25px;--awb-spacing-right-large:1.92%;--awb-margin-bottom-large:25px;--awb-spacing-left-large:1.92%;--awb-width-medium:100%;--awb-order-medium:0;--awb-spacing-right-medium:1.92%;--awb-spacing-left-medium:1.92%;--awb-width-small:100%;--awb-order-small:0;--awb-spacing-right-small:1.92%;--awb-spacing-left-small:1.92%;\"><div class=\"fusion-column-wrapper fusion-column-has-shadow fusion-flex-justify-content-flex-start fusion-content-layout-column\"><iframe width=\"100%\" height=\"270\" frameborder=\"0\" data-src=\"https:\/\/app.livestorm.co\/the-boxoffice-company\/upcoming?upcoming_locale=en&limit=3\" title=\"Boxoffice Live Sessions events | Livestorm\" src=\"data:image\/svg+xml;base64,PHN2ZyB3aWR0aD0iMSIgaGVpZ2h0PSIxIiB4bWxucz0iaHR0cDovL3d3dy53My5vcmcvMjAwMC9zdmciPjwvc3ZnPg==\" class=\"lazyload\" data-load-mode=\"1\"><\/iframe><div class=\"fusion-text fusion-text-2\"><\/div><iframe width=\"100%\" height=\"600\" frameborder=\"0\" data-src=\"https:\/\/app.livestorm.co\/the-boxoffice-company\/on_demand?on_demand_locale=en\" title=\"Boxoffice Live Sessions events | Livestorm\" src=\"data:image\/svg+xml;base64,PHN2ZyB3aWR0aD0iMSIgaGVpZ2h0PSIxIiB4bWxucz0iaHR0cDovL3d3dy53My5vcmcvMjAwMC9zdmciPjwvc3ZnPg==\" class=\"lazyload\" data-load-mode=\"1\"><\/iframe><div class=\"fusion-text fusion-text-3\"><\/div><iframe width=\"100%\" height=\"800\" frameborder=\"0\" data-src=\"https:\/\/app.livestorm.co\/the-boxoffice-company\/past?past_locale=en\" title=\"Boxoffice Live Sessions events | Livestorm\" src=\"data:image\/svg+xml;base64,PHN2ZyB3aWR0aD0iMSIgaGVpZ2h0PSIxIiB4bWxucz0iaHR0cDovL3d3dy53My5vcmcvMjAwMC9zdmciPjwvc3ZnPg==\" class=\"lazyload\" data-load-mode=\"1\"><\/iframe><\/div><\/div><\/div><\/div><\/p>\n","protected":false},"excerpt":{"rendered":"","protected":false},"author":3,"featured_media":0,"parent":0,"menu_order":0,"comment_status":"closed","ping_status":"closed","template":"","meta":{"footnotes":""},"class_list":["post-809","page","type-page","status-publish","hentry"],"_links":{"self":[{"href":"https:\/\/company.boxoffice.com\/latam\/wp-json\/wp\/v2\/pages\/809","targetHints":{"allow":["GET"]}}],"collection":[{"href":"https:\/\/company.boxoffice.com\/latam\/wp-json\/wp\/v2\/pages"}],"about":[{"href":"https:\/\/company.boxoffice.com\/latam\/wp-json\/wp\/v2\/types\/page"}],"author":[{"embeddable":true,"href":"https:\/\/company.boxoffice.com\/latam\/wp-json\/wp\/v2\/users\/3"}],"replies":[{"embeddable":true,"href":"https:\/\/company.boxoffice.com\/latam\/wp-json\/wp\/v2\/comments?post=809"}],"version-history":[{"count":0,"href":"https:\/\/company.boxoffice.com\/latam\/wp-json\/wp\/v2\/pages\/809\/revisions"}],"wp:attachment":[{"href":"https:\/\/company.boxoffice.com\/latam\/wp-json\/wp\/v2\/media?parent=809"}],"curies":[{"name":"wp","href":"https:\/\/api.w.org\/{rel}","templated":true}]}}