{"id":1204,"date":"2020-11-13T18:32:20","date_gmt":"2020-11-13T18:32:20","guid":{"rendered":"https:\/\/boxofficeco.wpengine.com\/?page_id=1204"},"modified":"2022-05-13T17:26:24","modified_gmt":"2022-05-13T17:26:24","slug":"privacy-policy","status":"publish","type":"page","link":"https:\/\/company.boxoffice.com\/france\/privacy-policy\/","title":{"rendered":"Politique de protection des donn\u00e9es personnelles"},"content":{"rendered":"<p><div class=\"fusion-fullwidth fullwidth-box fusion-builder-row-1 fusion-flex-container nonhundred-percent-fullwidth non-hundred-percent-height-scrolling\" style=\"--awb-border-radius-top-left:0px;--awb-border-radius-top-right:0px;--awb-border-radius-bottom-right:0px;--awb-border-radius-bottom-left:0px;--awb-flex-wrap:wrap;\" ><div class=\"fusion-builder-row fusion-row fusion-flex-align-items-flex-start fusion-flex-content-wrap\" style=\"max-width:1144px;margin-left: calc(-4% \/ 2 );margin-right: calc(-4% \/ 2 );\"><div class=\"fusion-layout-column fusion_builder_column fusion-builder-column-0 fusion_builder_column_1_4 1_4 fusion-flex-column\" style=\"--awb-bg-size:cover;--awb-width-large:25%;--awb-margin-top-large:25px;--awb-spacing-right-large:7.68%;--awb-margin-bottom-large:25px;--awb-spacing-left-large:7.68%;--awb-width-medium:100%;--awb-order-medium:0;--awb-spacing-right-medium:1.92%;--awb-spacing-left-medium:1.92%;--awb-width-small:100%;--awb-order-small:0;--awb-spacing-right-small:1.92%;--awb-spacing-left-small:1.92%;\"><div class=\"fusion-column-wrapper fusion-column-has-shadow fusion-flex-justify-content-flex-start fusion-content-layout-column\"><div class=\"fusion-text fusion-text-1\"><p style=\"font-family: Century-Gothic;font-size: 40px\" data-fusion-font=\"true\"><b style=\"line-height: 50px;letter-spacing: -1px\" data-fusion-font=\"true\">Nous respectons <\/b><\/p>\n<p style=\"font-family: Century-Gothic;font-size: 40px\" data-fusion-font=\"true\"><b style=\"line-height: 50px;letter-spacing: -1px\" data-fusion-font=\"true\"><span style=\"color: #e4022b\">vos donn\u00e9es personnelles.<\/span><\/b><\/p>\n<\/div><\/div><\/div><div class=\"fusion-layout-column fusion_builder_column fusion-builder-column-1 fusion_builder_column_3_4 3_4 fusion-flex-column\" style=\"--awb-bg-size:cover;--awb-width-large:75%;--awb-margin-top-large:25px;--awb-spacing-right-large:2.56%;--awb-margin-bottom-large:25px;--awb-spacing-left-large:2.56%;--awb-width-medium:100%;--awb-order-medium:0;--awb-spacing-right-medium:1.92%;--awb-spacing-left-medium:1.92%;--awb-width-small:100%;--awb-order-small:0;--awb-spacing-right-small:1.92%;--awb-spacing-left-small:1.92%;\"><div class=\"fusion-column-wrapper fusion-column-has-shadow fusion-flex-justify-content-flex-start fusion-content-layout-column\"><div class=\"fusion-text fusion-text-2\"><p>Date de derni\u00e8re mise \u00e0 jour : mai 2022<\/p>\n<\/div><div class=\"fusion-separator fusion-full-width-sep\" style=\"align-self: center;margin-left: auto;margin-right: auto;margin-bottom:15px;width:100%;\"><\/div><div class=\"fusion-text fusion-text-3\"><p>The Boxoffice Company (situ\u00e9 au 2, rue Paul Vaillant-Couturier 92300 Levallois-Perret) en sa qualit\u00e9 de Responsable de traitement, accorde une grande importance au respect de votre vie priv\u00e9e et a \u00e0 c\u0153ur de construire avec vous des relations fortes et durables. La protection de vos donn\u00e9es personnelles est primordiale \u00e0 nos yeux. C\u2019est pourquoi, nous mettons \u00e0 votre disposition notre politique de protection des donn\u00e9es afin de vous informer, de la fa\u00e7on la plus claire possible, de nos pratiques concernant la collecte, l\u2019utilisation et le partage des informations que vous \u00eates amen\u00e9s \u00e0 nous fournir par le biais de notre site internet france.company@boxoffice.com (ci-apr\u00e8s le \u00ab Site \u00bb).<\/p>\n<p>La pr\u00e9sente Politique s\u2019applique ainsi \u00e0 l\u2019ensemble des services propos\u00e9s sur le site Internet france.company@boxoffice.com.<\/p>\n<\/div><div class=\"fusion-separator fusion-full-width-sep\" style=\"align-self: center;margin-left: auto;margin-right: auto;margin-top:15px;margin-bottom:15px;width:100%;\"><\/div><div class=\"fusion-text fusion-text-4\"><h2><strong>Quelles sont les donn\u00e9es que nous traitons ?<\/strong><\/h2>\n<\/div><div class=\"fusion-separator fusion-full-width-sep\" style=\"align-self: center;margin-left: auto;margin-right: auto;margin-bottom:15px;width:100%;\"><\/div><div class=\"fusion-text fusion-text-5\"><p>En utilisant notre Site, nous collectons des informations dont certaines sont de nature \u00e0 vous identifier et constituent de ce fait des donn\u00e9es \u00e0 caract\u00e8re personnel. C\u2019est le cas notamment lorsque vous d\u00e9cidez de cr\u00e9er un compte sur notre Site ou de vous inscrire \u00e0 notre newsletter.<\/p>\n<p>Nous limitons la collecte des donn\u00e9es aux seules informations n\u00e9cessaires pour la fourniture des services que nous proposons.<\/p>\n<p>Nous vous informerons du caract\u00e8re obligatoire ou facultatif des r\u00e9ponses par la pr\u00e9sence d\u2019un ast\u00e9risque pour les collectes de donn\u00e9es faites par le biais de formulaires. Dans le cas o\u00f9 des r\u00e9ponses sont obligatoires, nous vous expliquerons les cons\u00e9quences d\u2019une absence de r\u00e9ponse.<\/p>\n<\/div><div class=\"fusion-separator fusion-full-width-sep\" style=\"align-self: center;margin-left: auto;margin-right: auto;margin-top:15px;margin-bottom:15px;width:100%;\"><\/div><div class=\"fusion-text fusion-text-6\"><h2><strong>Pourquoi traitons-nous vos donn\u00e9es personnelles et pendant combien de temps ?<\/strong><\/h2>\n<\/div><div class=\"fusion-separator fusion-full-width-sep\" style=\"align-self: center;margin-left: auto;margin-right: auto;margin-bottom:15px;width:100%;\"><\/div><div class=\"fusion-text fusion-text-7\"><p>Nous nous engageons \u00e0 traiter vos donn\u00e9es personnelles pour des finalit\u00e9s d\u00e9termin\u00e9es, l\u00e9gitimes et pertinentes.<\/p>\n<p>Par ailleurs, et conform\u00e9ment au RGPD, nous avons d\u00e9fini un fondement juridique pour chacun des traitements.<\/p>\n<p>Enfin, nous conservons vos donn\u00e9es \u00e0 caract\u00e8re personnel pendant une dur\u00e9e conforme aux dispositions l\u00e9gales et r\u00e9glementaires applicables et, \u00e0 d\u00e9faut, durant une p\u00e9riode strictement n\u00e9cessaire et proportionn\u00e9e \u00e0 la r\u00e9alisation des finalit\u00e9s pour lesquelles vos donn\u00e9es ont \u00e9t\u00e9 collect\u00e9es. Les crit\u00e8res que nous appliquons dans la d\u00e9finition de ces dur\u00e9es sont indiqu\u00e9s dans le tableau ci-dessous.<\/p>\n<p>Lorsque nous n\u2019avons plus besoin d\u2019utiliser vos donn\u00e9es \u00e0 caract\u00e8re personnel, nous les effa\u00e7ons de nos syst\u00e8mes d\u2019information ou nous les anonymisons.<\/p>\n<\/div><\/div><\/div><\/div><\/div><div class=\"fusion-fullwidth fullwidth-box fusion-builder-row-2 fusion-flex-container nonhundred-percent-fullwidth non-hundred-percent-height-scrolling\" style=\"--awb-border-radius-top-left:0px;--awb-border-radius-top-right:0px;--awb-border-radius-bottom-right:0px;--awb-border-radius-bottom-left:0px;--awb-flex-wrap:wrap;\" ><div class=\"fusion-builder-row fusion-row fusion-flex-align-items-flex-start fusion-flex-content-wrap\" style=\"max-width:1144px;margin-left: calc(-4% \/ 2 );margin-right: calc(-4% \/ 2 );\"><div class=\"fusion-layout-column fusion_builder_column fusion-builder-column-2 fusion_builder_column_1_1 1_1 fusion-flex-column\" style=\"--awb-bg-size:cover;--awb-width-large:100%;--awb-margin-top-large:25px;--awb-spacing-right-large:1.92%;--awb-margin-bottom-large:25px;--awb-spacing-left-large:1.92%;--awb-width-medium:100%;--awb-order-medium:0;--awb-spacing-right-medium:1.92%;--awb-spacing-left-medium:1.92%;--awb-width-small:100%;--awb-order-small:0;--awb-spacing-right-small:1.92%;--awb-spacing-left-small:1.92%;\"><div class=\"fusion-column-wrapper fusion-column-has-shadow fusion-flex-justify-content-flex-start fusion-content-layout-column\">\n<div class=\"table-1\">\n<table width=\"100%\">\n<thead>\n<tr>\n<th align=\"left\">Pourquoi traitons-nous vos donn\u00e9es ?<\/th>\n<th align=\"left\">Quel fondement juridique justifie ce traitement ?<\/th>\n<th align=\"left\">Combien de temps conservons-nous vos donn\u00e9es personnelles ?<\/th>\n<\/tr>\n<\/thead>\n<tbody>\n<tr>\n<td align=\"left\">Exp\u00e9rience de navigation sur le site, analytics<\/td>\n<td align=\"left\">Consentement<\/td>\n<td align=\"left\">6 mois<\/td>\n<\/tr>\n<tr>\n<td align=\"left\">Gestion de vos inscriptions \u00e0 nos newsletters<\/td>\n<td align=\"left\">Consentement<\/td>\n<td align=\"left\">3 ans apr\u00e8s la derni\u00e8re activit\u00e9<\/td>\n<\/tr>\n<tr>\n<td align=\"left\">Conservation des traces informatiques pour d\u00e9tecter de mani\u00e8re pr\u00e9ventive les incidents de s\u00e9curit\u00e9<\/td>\n<td align=\"left\">Int\u00e9r\u00eat l\u00e9gitime<\/td>\n<td align=\"left\">Dur\u00e9e de la session<\/td>\n<\/tr>\n<tr>\n<td align=\"left\">Etablir et conserver tout moyen de preuve n\u00e9cessaire \u00e0 la d\u00e9fense de nos droits<\/td>\n<td align=\"left\">Int\u00e9r\u00eat l\u00e9gitime<\/td>\n<td align=\"left\">P\u00e9riode n\u00e9cessaire pour d\u00e9fendre nos droits et int\u00e9r\u00eats en justice<\/td>\n<\/tr>\n<tr>\n<td align=\"left\">Enqu\u00eates de satisfaction<\/td>\n<td align=\"left\">Int\u00e9r\u00eat l\u00e9gitime<\/td>\n<td align=\"left\">Temps de l&rsquo;analyse des r\u00e9sultats de l&rsquo;enqu\u00eate<\/td>\n<\/tr>\n<\/tbody>\n<\/table>\n<\/div>\n<\/div><\/div><\/div><\/div><div class=\"fusion-fullwidth fullwidth-box fusion-builder-row-3 fusion-flex-container nonhundred-percent-fullwidth non-hundred-percent-height-scrolling\" style=\"--awb-border-radius-top-left:0px;--awb-border-radius-top-right:0px;--awb-border-radius-bottom-right:0px;--awb-border-radius-bottom-left:0px;--awb-flex-wrap:wrap;\" ><div class=\"fusion-builder-row fusion-row fusion-flex-align-items-flex-start fusion-flex-content-wrap\" style=\"max-width:1144px;margin-left: calc(-4% \/ 2 );margin-right: calc(-4% \/ 2 );\"><div class=\"fusion-layout-column fusion_builder_column fusion-builder-column-3 fusion_builder_column_1_4 1_4 fusion-flex-column\" style=\"--awb-bg-size:cover;--awb-width-large:25%;--awb-margin-top-large:25px;--awb-spacing-right-large:7.68%;--awb-margin-bottom-large:25px;--awb-spacing-left-large:7.68%;--awb-width-medium:100%;--awb-order-medium:0;--awb-spacing-right-medium:1.92%;--awb-spacing-left-medium:1.92%;--awb-width-small:100%;--awb-order-small:0;--awb-spacing-right-small:1.92%;--awb-spacing-left-small:1.92%;\"><div class=\"fusion-column-wrapper fusion-column-has-shadow fusion-flex-justify-content-flex-start fusion-content-layout-column\"><div class=\"fusion-text fusion-text-8\"><\/div><\/div><\/div><div class=\"fusion-layout-column fusion_builder_column fusion-builder-column-4 fusion_builder_column_3_4 3_4 fusion-flex-column\" style=\"--awb-bg-size:cover;--awb-width-large:75%;--awb-margin-top-large:25px;--awb-spacing-right-large:2.56%;--awb-margin-bottom-large:25px;--awb-spacing-left-large:2.56%;--awb-width-medium:100%;--awb-order-medium:0;--awb-spacing-right-medium:1.92%;--awb-spacing-left-medium:1.92%;--awb-width-small:100%;--awb-order-small:0;--awb-spacing-right-small:1.92%;--awb-spacing-left-small:1.92%;\"><div class=\"fusion-column-wrapper fusion-column-has-shadow fusion-flex-justify-content-flex-start fusion-content-layout-column\"><div class=\"fusion-text fusion-text-9\"><h2><strong>Qui sont les destinataires de vos donn\u00e9es ?<\/strong><\/h2>\n<\/div><div class=\"fusion-separator fusion-full-width-sep\" style=\"align-self: center;margin-left: auto;margin-right: auto;margin-bottom:15px;width:100%;\"><\/div><div class=\"fusion-text fusion-text-10\"><p>Vos donn\u00e9es personnelles sont transmises aux collaborateurs internes The Boxoffice Company qui ont besoin de les traiter pour vous offrir un service de qualit\u00e9 : le service clients, le service marketing, le service data et le service informatique.<\/p>\n<p>Nous faisons constamment tout notre possible pour prot\u00e9ger vos donn\u00e9es personnelles. D\u00e8s la r\u00e9ception de vos donn\u00e9es, nous appliquons des mesures de s\u00e9curit\u00e9 strictes afin de limiter le risque de violation de donn\u00e9es. Par exemple, nous imposons \u00e0 chacun de nos collaborateurs un mot de passe robuste et individuel.<\/p>\n<p>Vos donn\u00e9es sont \u00e9galement transmises \u00e0 nos sous-traitants qui assurent des prestations pour notre compte comme :<\/p>\n<ul>\n<li>le service de messagerie \u00e9lectronique<\/li>\n<li>le centre de gestion des consentements cookies<\/li>\n<li>la r\u00e9alisation de segment d\u2019audience<\/li>\n<li>la lutte contre la fraude<\/li>\n<li>la r\u00e9alisation d\u2019op\u00e9rations de maintenance et de d\u00e9veloppement techniques du site internet<\/li>\n<\/ul>\n<p>Nous engageons contractuellement nos sous-traitants \u00e0 ce qu\u2019ils prennent toutes les mesures ad\u00e9quates pour prot\u00e9ger vos donn\u00e9es personnelles.<\/p>\n<p>Par ailleurs, nous partageons vos donn\u00e9es personnelles avec nos partenaires de Web-Analytics.<\/p>\n<p>Enfin, nous pouvons transmettre vos donn\u00e9es personnelles aux avocats, auxiliaires de justice et officiers minist\u00e9riels, aux autorit\u00e9s administratives ou judiciaires saisies d\u2019un litige le cas \u00e9ch\u00e9ant, dans le cadre du respect des obligations l\u00e9gales nous incombant ou pour nous permettre d\u2019assurer la d\u00e9fense de nos droits et int\u00e9r\u00eats.<\/p>\n<\/div><div class=\"fusion-separator fusion-full-width-sep\" style=\"align-self: center;margin-left: auto;margin-right: auto;margin-top:15px;margin-bottom:15px;width:100%;\"><\/div><div class=\"fusion-text fusion-text-11\"><h2><strong>Quels sont vos droits ?<\/strong><\/h2>\n<\/div><div class=\"fusion-separator fusion-full-width-sep\" style=\"align-self: center;margin-left: auto;margin-right: auto;margin-bottom:15px;width:100%;\"><\/div><div class=\"fusion-text fusion-text-12\"><p>Conform\u00e9ment \u00e0 la r\u00e9glementation applicable en mati\u00e8re de protection des donn\u00e9es, vous b\u00e9n\u00e9ficiez des droits suivants li\u00e9s aux donn\u00e9es vous concernant :<\/p>\n<ul>\n<li>droit d\u2019acc\u00e8s \u00e0 vos donn\u00e9es<\/li>\n<li>droit \u00e0 l\u2019effacement de vos donn\u00e9es<\/li>\n<li>droit de rectification de vos donn\u00e9es<\/li>\n<li>droit de retirer votre consentement<\/li>\n<li>droit d\u2019opposition au traitement<\/li>\n<li>droit \u00e0 la portabilit\u00e9 de vos donn\u00e9es<\/li>\n<li>droit d\u2019obtenir la limitation des traitements<\/li>\n<li>droit de formuler des directives g\u00e9n\u00e9rales ou particuli\u00e8res relatives au sort de vos donn\u00e9es \u00e0 caract\u00e8re personnel apr\u00e8s votre d\u00e9c\u00e8s<\/li>\n<\/ul>\n<\/div><div class=\"fusion-separator fusion-full-width-sep\" style=\"align-self: center;margin-left: auto;margin-right: auto;margin-bottom:15px;width:100%;\"><\/div><div class=\"fusion-text fusion-text-13\"><h2>Comment exercer vos droits ?<\/h2>\n<\/div><div class=\"fusion-separator fusion-full-width-sep\" style=\"align-self: center;margin-left: auto;margin-right: auto;margin-bottom:15px;width:100%;\"><\/div><div class=\"fusion-text fusion-text-14\"><p>Vous pouvez exercer ces droits en nous contactant par courrier postal ou \u00e9lectronique :<\/p>\n<p>Adresse postale : The Boxoffice Company, 2, rue Paul Vaillant-Couturier 92300 Levallois-Perret<\/p>\n<p>Adresse e-mail : info.fr@boxoffice.com<\/p>\n<p>Nous vous adresserons une r\u00e9ponse dans un d\u00e9lai de 1 mois \u00e0 compter de la r\u00e9ception de votre demande.<\/p>\n<p>Par ailleurs, pour cette demande ou pour tout autre question, g\u00e9n\u00e9rale ou particuli\u00e8re, relative \u00e0 la protection des donn\u00e9es personnelles, vous pouvez contacter la D\u00e9l\u00e9gu\u00e9e \u00e0 la protection des donn\u00e9es personnelles qui vous donnera une r\u00e9ponse dans un d\u00e9lai raisonnable au regard de la question pos\u00e9e ou de l\u2019information requise. La D\u00e9l\u00e9gu\u00e9e \u00e0 la protection des donn\u00e9es est joignable \u00e0 l\u2019adresse suivante: dpo@boxoffice.com<\/p>\n<p>Enfin, si vous estimez, apr\u00e8s nous avoir contact\u00e9s, que vos droits sur vos donn\u00e9es ne sont pas respect\u00e9s, vous pouvez adresser une r\u00e9clamation \u00e0 la Commission Nationale de l\u2019Informatique et des Libert\u00e9s (3 place de Fontenoy &#8211; TSA 80715 \u2013 75334 Paris cedex 07 ; t\u00e9l. : 01 53 73 22 22).<\/p>\n<\/div><div class=\"fusion-separator fusion-full-width-sep\" style=\"align-self: center;margin-left: auto;margin-right: auto;margin-top:15px;margin-bottom:15px;width:100%;\"><\/div><div class=\"fusion-text fusion-text-15\"><h2><strong>Pouvons-nous modifier cette politique ?<\/strong><\/h2>\n<\/div><div class=\"fusion-separator fusion-full-width-sep\" style=\"align-self: center;margin-left: auto;margin-right: auto;margin-bottom:15px;width:100%;\"><\/div><div class=\"fusion-text fusion-text-16\"><p>The Boxoffice Company se r\u00e9serve le droit de modifier \u00e0 tout moment cette Politique de protection des donn\u00e9es. En cas de modification substantielle telle que l\u2019introduction d\u2019une nouvelle finalit\u00e9, The Boxoffice Company vous fournira au pr\u00e9alable des informations au sujet de cette autre finalit\u00e9. Ceci afin de s\u2019assurer que vous disposez d&rsquo;un d\u00e9lai raisonnable pour exercer vos droits en vertu de la loi Informatique et Libert\u00e9s du 6 janvier 1978 et du R\u00e8glement europ\u00e9en.<\/p>\n<p>Nous vous encourageons n\u00e9anmoins \u00e0 consulter r\u00e9guli\u00e8rement la Politique afin de prendre connaissance des modalit\u00e9s de protection de vos informations personnelles pr\u00e9vues par The Boxoffice Company.<\/p>\n<\/div><div class=\"fusion-separator fusion-full-width-sep\" style=\"align-self: center;margin-left: auto;margin-right: auto;margin-bottom:15px;width:100%;\"><\/div><div class=\"fusion-text fusion-text-17\"><p>Cette Politique a \u00e9t\u00e9 mise \u00e0 jour pour la derni\u00e8re fois \u00e0 la date indiqu\u00e9e ci-dessus.<\/p>\n<\/div><\/div><\/div><\/div><\/div><div class=\"fusion-fullwidth fullwidth-box fusion-builder-row-4 fusion-flex-container nonhundred-percent-fullwidth non-hundred-percent-height-scrolling\" style=\"--awb-border-radius-top-left:0px;--awb-border-radius-top-right:0px;--awb-border-radius-bottom-right:0px;--awb-border-radius-bottom-left:0px;--awb-flex-wrap:wrap;\" ><div class=\"fusion-builder-row fusion-row fusion-flex-align-items-flex-start fusion-flex-content-wrap\" style=\"max-width:1144px;margin-left: calc(-4% \/ 2 );margin-right: calc(-4% \/ 2 );\"><div class=\"fusion-layout-column fusion_builder_column fusion-builder-column-5 fusion_builder_column_1_1 1_1 fusion-flex-column\" style=\"--awb-bg-size:cover;--awb-width-large:100%;--awb-margin-top-large:25px;--awb-spacing-right-large:1.92%;--awb-margin-bottom-large:25px;--awb-spacing-left-large:1.92%;--awb-width-medium:100%;--awb-order-medium:0;--awb-spacing-right-medium:1.92%;--awb-spacing-left-medium:1.92%;--awb-width-small:100%;--awb-order-small:0;--awb-spacing-right-small:1.92%;--awb-spacing-left-small:1.92%;\"><div class=\"fusion-column-wrapper fusion-column-has-shadow fusion-flex-justify-content-flex-start fusion-content-layout-column\"><div class=\"fusion-separator\" style=\"align-self: center;margin-left: auto;margin-right: auto;margin-top:40px;margin-bottom:40px;width:100%;max-width:20%;\"><\/div><\/div><\/div><\/div><\/div><div class=\"fusion-fullwidth fullwidth-box fusion-builder-row-5 fusion-flex-container hundred-percent-fullwidth non-hundred-percent-height-scrolling fusion-no-large-visibility\" style=\"--awb-border-radius-top-left:0px;--awb-border-radius-top-right:0px;--awb-border-radius-bottom-right:0px;--awb-border-radius-bottom-left:0px;--awb-padding-right:0px;--awb-padding-left:0px;--awb-flex-wrap:wrap;\" ><div class=\"fusion-builder-row fusion-row fusion-flex-align-items-flex-start fusion-flex-content-wrap\" style=\"width:calc( 100% + 0px ) !important;max-width:calc( 100% + 0px ) !important;margin-left: calc(-0px \/ 2 );margin-right: calc(-0px \/ 2 );\"><div class=\"fusion-layout-column fusion_builder_column fusion-builder-column-6 fusion_builder_column_1_1 1_1 fusion-flex-column fusion-animated\" style=\"--awb-padding-right:5%;--awb-padding-left:5%;--awb-padding-top-medium:180px;--awb-padding-bottom-medium:180px;--awb-padding-top-small:100px;--awb-padding-bottom-small:100px;--awb-bg-image:url(&#039;http:\/\/boxofficeco.wpengine.com\/wp-content\/uploads\/sites\/5\/2019\/01\/about-us-map-intro.png&#039;);--awb-bg-position:center center;--awb-bg-size:cover;--awb-width-large:100%;--awb-margin-top-large:0px;--awb-spacing-right-large:0px;--awb-margin-bottom-large:25px;--awb-spacing-left-large:0px;--awb-width-medium:100%;--awb-spacing-right-medium:0px;--awb-margin-bottom-medium:50px;--awb-spacing-left-medium:0px;--awb-width-small:100%;--awb-spacing-right-small:calc( 0.02 * calc( 100% - 0px ) );--awb-margin-bottom-small:40px;--awb-spacing-left-small:calc( 0.02 * calc( 100% - 0px ) );\" data-animationType=\"fadeInDown\" data-animationDuration=\"0.8\" data-animationOffset=\"top-into-view\"><div class=\"fusion-column-wrapper fusion-flex-justify-content-flex-start fusion-content-layout-column fusion-column-has-bg-image\" data-bg-url=\"http:\/\/boxofficeco.wpengine.com\/wp-content\/uploads\/sites\/5\/2019\/01\/about-us-map-intro.png\"><div class=\"fusion-title title fusion-title-1 fusion-sep-none fusion-title-center fusion-title-text fusion-title-size-two\"><h2 class=\"fusion-title-heading title-heading-center fusion-responsive-typography-calculated\" style=\"margin:0;--fontSize:46;line-height:1.25;\">We are passionate about our work and inspired by our team<\/h2><\/div><\/div><\/div><\/div><\/div><\/p>\n","protected":false},"excerpt":{"rendered":"","protected":false},"author":3,"featured_media":0,"parent":0,"menu_order":0,"comment_status":"closed","ping_status":"closed","template":"100-width.php","meta":{"content-type":"","footnotes":""},"class_list":["post-1204","page","type-page","status-publish","hentry"],"_links":{"self":[{"href":"https:\/\/company.boxoffice.com\/france\/wp-json\/wp\/v2\/pages\/1204","targetHints":{"allow":["GET"]}}],"collection":[{"href":"https:\/\/company.boxoffice.com\/france\/wp-json\/wp\/v2\/pages"}],"about":[{"href":"https:\/\/company.boxoffice.com\/france\/wp-json\/wp\/v2\/types\/page"}],"author":[{"embeddable":true,"href":"https:\/\/company.boxoffice.com\/france\/wp-json\/wp\/v2\/users\/3"}],"replies":[{"embeddable":true,"href":"https:\/\/company.boxoffice.com\/france\/wp-json\/wp\/v2\/comments?post=1204"}],"version-history":[{"count":0,"href":"https:\/\/company.boxoffice.com\/france\/wp-json\/wp\/v2\/pages\/1204\/revisions"}],"wp:attachment":[{"href":"https:\/\/company.boxoffice.com\/france\/wp-json\/wp\/v2\/media?parent=1204"}],"curies":[{"name":"wp","href":"https:\/\/api.w.org\/{rel}","templated":true}]}}