{"id":1000,"date":"2020-10-19T18:24:41","date_gmt":"2020-10-19T18:24:41","guid":{"rendered":"https:\/\/boxofficeco.wpengine.com\/?page_id=1000"},"modified":"2022-11-14T16:13:35","modified_gmt":"2022-11-14T16:13:35","slug":"nous-embauchons","status":"publish","type":"page","link":"https:\/\/company.boxoffice.com\/france\/nous-embauchons\/","title":{"rendered":"Nous embauchons!"},"content":{"rendered":"<p><div class=\"fusion-fullwidth fullwidth-box fusion-builder-row-1 fusion-flex-container nonhundred-percent-fullwidth non-hundred-percent-height-scrolling\" style=\"--awb-border-radius-top-left:0px;--awb-border-radius-top-right:0px;--awb-border-radius-bottom-right:0px;--awb-border-radius-bottom-left:0px;--awb-flex-wrap:wrap;\" ><div class=\"fusion-builder-row fusion-row fusion-flex-align-items-flex-start fusion-flex-content-wrap\" style=\"max-width:1144px;margin-left: calc(-4% \/ 2 );margin-right: calc(-4% \/ 2 );\"><div class=\"fusion-layout-column fusion_builder_column fusion-builder-column-0 fusion_builder_column_1_1 1_1 fusion-flex-column\" style=\"--awb-bg-size:cover;--awb-width-large:100%;--awb-margin-top-large:25px;--awb-spacing-right-large:1.92%;--awb-margin-bottom-large:25px;--awb-spacing-left-large:1.92%;--awb-width-medium:100%;--awb-order-medium:0;--awb-spacing-right-medium:1.92%;--awb-spacing-left-medium:1.92%;--awb-width-small:100%;--awb-order-small:0;--awb-spacing-right-small:1.92%;--awb-spacing-left-small:1.92%;\"><div class=\"fusion-column-wrapper fusion-column-has-shadow fusion-flex-justify-content-flex-start fusion-content-layout-column\"><div class=\"fusion-separator fusion-full-width-sep\" style=\"align-self: center;margin-left: auto;margin-right: auto;margin-bottom:10px;width:100%;\"><\/div><\/div><\/div><\/div><\/div><div class=\"fusion-fullwidth fullwidth-box fusion-builder-row-2 fusion-flex-container nonhundred-percent-fullwidth non-hundred-percent-height-scrolling\" style=\"--awb-border-sizes-top:0px;--awb-border-sizes-bottom:0px;--awb-border-radius-top-left:0px;--awb-border-radius-top-right:0px;--awb-border-radius-bottom-right:0px;--awb-border-radius-bottom-left:0px;--awb-padding-top:0px;--awb-padding-bottom:0px;--awb-padding-top-small:0px;--awb-margin-top:0px;--awb-margin-bottom:0px;--awb-margin-top-small:0px;--awb-flex-wrap:wrap;\" ><div class=\"fusion-builder-row fusion-row fusion-flex-align-items-flex-start fusion-flex-content-wrap\" style=\"max-width:1144px;margin-left: calc(-4% \/ 2 );margin-right: calc(-4% \/ 2 );\"><div class=\"fusion-layout-column fusion_builder_column fusion-builder-column-1 fusion_builder_column_1_3 1_3 fusion-flex-column fusion-animated\" style=\"--awb-bg-size:cover;--awb-width-large:33.3333333333%;--awb-margin-top-large:25px;--awb-spacing-right-large:5.76%;--awb-margin-bottom-large:25px;--awb-spacing-left-large:30px;--awb-width-medium:100%;--awb-order-medium:0;--awb-spacing-right-medium:1.92%;--awb-spacing-left-medium:1.92%;--awb-width-small:100%;--awb-order-small:0;--awb-spacing-right-small:1.92%;--awb-spacing-left-small:1.92%;\" data-animationType=\"fadeInRight\" data-animationDuration=\"0.3\" data-animationOffset=\"top-into-view\"><div class=\"fusion-column-wrapper fusion-column-has-shadow fusion-flex-justify-content-flex-start fusion-content-layout-column\"><div class=\"fusion-text fusion-text-1\"><h3 class=\"fusion-responsive-typography-calculated\" style=\"line-height: 1.3;\" data-fontsize=\"26\" data-lineheight=\"33.8px\">Travaillez avec nous!<\/h3>\n<\/div><div class=\"fusion-separator fusion-full-width-sep\" style=\"align-self: center;margin-left: auto;margin-right: auto;margin-bottom:10px;width:100%;\"><\/div><div class=\"fusion-text fusion-text-2\"><p style=\"font-size: 16px;\" data-fusion-font=\"true\">The Boxoffice Company est fier d&rsquo;\u00eatre un employeur appliquant les principes de l&rsquo;\u00e9galit\u00e9 des chances. Nous ne discriminons pas sur la base du sexe, de la religion, de la couleur de peau, du pays d&rsquo;origine, de l&rsquo;orientation sexuelle, de l&rsquo;age, d&rsquo;un handicap ou autres caract\u00e9ristiques. Venez tel que vous \u00eates !<\/p>\n<\/div><\/div><\/div><div class=\"fusion-layout-column fusion_builder_column fusion-builder-column-2 fusion_builder_column_2_3 2_3 fusion-flex-column fusion-animated\" style=\"--awb-bg-size:cover;--awb-width-large:66.6666666667%;--awb-margin-top-large:25px;--awb-spacing-right-large:2.88%;--awb-margin-bottom-large:25px;--awb-spacing-left-large:2.88%;--awb-width-medium:100%;--awb-order-medium:0;--awb-spacing-right-medium:1.92%;--awb-spacing-left-medium:1.92%;--awb-width-small:100%;--awb-order-small:0;--awb-spacing-right-small:1.92%;--awb-spacing-left-small:1.92%;\" data-animationType=\"fadeInLeft\" data-animationDuration=\"0.3\" data-animationOffset=\"top-into-view\"><div class=\"fusion-column-wrapper fusion-column-has-shadow fusion-flex-justify-content-flex-start fusion-content-layout-column\"><div class=\"fusion-separator fusion-no-large-visibility\" style=\"align-self: center;margin-left: auto;margin-right: auto;margin-top:0px;margin-bottom:60px;width:100%;max-width:20%;\"><div class=\"fusion-separator-border sep-single sep-solid\" style=\"--awb-height:20px;--awb-amount:20px;border-color:#ecefef;border-top-width:2px;\"><\/div><\/div><div class=\"fusion-text fusion-text-3\"><h3 class=\"fusion-responsive-typography-calculated\" style=\"line-height: 1.3;\" data-fontsize=\"26\" data-lineheight=\"33.8px\">BOOST Billetterie<\/h3>\n<\/div><div class=\"fusion-separator fusion-full-width-sep\" style=\"align-self: center;margin-left: auto;margin-right: auto;width:100%;\"><\/div><div class=\"fusion-separator fusion-full-width-sep\" style=\"align-self: center;margin-left: auto;margin-right: auto;margin-bottom:15px;width:100%;\"><\/div><div class=\"fusion-text fusion-text-4\"><p><b style=\"font-size: 23px;\" data-fusion-font=\"true\">\u00c9quipier Service Clients<\/b><\/p>\n<p><b style=\"color: #000000; font-size: 14px;\" data-fusion-font=\"true\">Levallois-Perret<\/b><\/p>\n<p>BOOST Billetterie est la solution billetterie cin\u00e9ma de The Boxoffice Company, propos\u00e9e aux exploitants de salles de cin\u00e9ma fran\u00e7aises.<\/p>\n<p>L\u2019\u00e9quipe BOOST Billetterie, compos\u00e9e d\u2019une quinzaine de personne, con\u00e7oit, d\u00e9veloppe, commercialise et maintient tous les aspects de la billetterie d\u2019un cin\u00e9ma. Nous fournissons des prestations \u201c360\u00ba\u201d : hardware, software, formations, installation, support\u2026<\/p>\n<p>Dans le cadre de notre d\u00e9veloppement, nous recherchons, en CDI plein temps, un(e) \u00e9quipier(\u00e8re) pour enforcer notre Service Clients. Vous rejoindrez une \u00e9quipe de 8 personnes et aurez les missions suivantes :<\/p>\n<ul>\n<li>Pr\u00e9paration \/ configuration de mat\u00e9riel informatique Windows et Android.<\/li>\n<li>Hotline t\u00e9l\u00e9phonique : apr\u00e8s une formation \u00e0 nos logiciels et solutions, par demi-service.<\/li>\n<li>Support e-mail : r\u00e9ponse aux questions et remont\u00e9es de probl\u00e8mes de nos clients, via la plateforme Freshdesk.<\/li>\n<li>Assurez des services d&rsquo;astreinte soir et week-end, en rotation avec vos coll\u00e8gues.<\/li>\n<li>Installation de nos mat\u00e9riels et logiciels partout en France.<\/li>\n<\/ul>\n<p>Profil recherch\u00e9<\/p>\n<ul>\n<li>Curieux(se) et motiv\u00e9(e).<\/li>\n<li>Aisance relationnelle orale et \u00e9crite<\/li>\n<li>Premi\u00e8re exp\u00e9rience accept\u00e9e.<\/li>\n<li>Un permis B serait un plus.<\/li>\n<li>La connaissance de l&rsquo;exploitation cin\u00e9matographique serait un plus.<\/li>\n<\/ul>\n<p>Comp\u00e9tences requises<\/p>\n<ul>\n<li>Installation et configuration de mat\u00e9riel informatique (PC, imprimantes, etc.)<\/li>\n<\/ul>\n<p>Autres comp\u00e9tences appr\u00e9ci\u00e9es :<\/p>\n<ul>\n<li>Bases de donn\u00e9es<\/li>\n<li>Syst\u00e8mes de billetteries informatis\u00e9es<\/li>\n<\/ul>\n<\/div><div class=\"fusion-separator fusion-full-width-sep\" style=\"align-self: center;margin-left: auto;margin-right: auto;margin-bottom:20px;width:100%;\"><\/div><div class=\"fusion-text fusion-text-5\"><p style=\"line-height: 12px; font-size: 14px;\" data-fusion-font=\"true\"><span style=\"color: #e4022b;\">POSTULER<\/span><\/p>\n<p data-fusion-font=\"true\">Envoyer CV et lettre de motivation \u00e0 heloise.besson@boxoffice.com<\/p>\n<\/div><div class=\"fusion-separator fusion-full-width-sep\" style=\"align-self: center;margin-left: auto;margin-right: auto;margin-bottom:20px;width:100%;\"><\/div><div class=\"fusion-separator fusion-full-width-sep\" style=\"align-self: center;margin-left: auto;margin-right: auto;margin-top:10px;margin-bottom:30px;width:100%;\"><div class=\"fusion-separator-border sep-single sep-solid\" style=\"--awb-height:20px;--awb-amount:20px;border-color:#ecefef;border-top-width:1px;\"><\/div><\/div><div class=\"fusion-separator fusion-full-width-sep\" style=\"align-self: center;margin-left: auto;margin-right: auto;margin-top:10px;margin-bottom:50px;width:100%;\"><div class=\"fusion-separator-border sep-single sep-solid\" style=\"--awb-height:20px;--awb-amount:20px;border-color:#ecefef;border-top-width:0px;\"><\/div><\/div><\/div><\/div><\/div><\/div><\/p>\n","protected":false},"excerpt":{"rendered":"","protected":false},"author":4,"featured_media":0,"parent":0,"menu_order":0,"comment_status":"closed","ping_status":"closed","template":"100-width.php","meta":{"content-type":"","footnotes":""},"class_list":["post-1000","page","type-page","status-publish","hentry"],"_links":{"self":[{"href":"https:\/\/company.boxoffice.com\/france\/wp-json\/wp\/v2\/pages\/1000","targetHints":{"allow":["GET"]}}],"collection":[{"href":"https:\/\/company.boxoffice.com\/france\/wp-json\/wp\/v2\/pages"}],"about":[{"href":"https:\/\/company.boxoffice.com\/france\/wp-json\/wp\/v2\/types\/page"}],"author":[{"embeddable":true,"href":"https:\/\/company.boxoffice.com\/france\/wp-json\/wp\/v2\/users\/4"}],"replies":[{"embeddable":true,"href":"https:\/\/company.boxoffice.com\/france\/wp-json\/wp\/v2\/comments?post=1000"}],"version-history":[{"count":0,"href":"https:\/\/company.boxoffice.com\/france\/wp-json\/wp\/v2\/pages\/1000\/revisions"}],"wp:attachment":[{"href":"https:\/\/company.boxoffice.com\/france\/wp-json\/wp\/v2\/media?parent=1000"}],"curies":[{"name":"wp","href":"https:\/\/api.w.org\/{rel}","templated":true}]}}